{"id":12129,"date":"2026-05-04T20:29:45","date_gmt":"2026-05-04T20:29:45","guid":{"rendered":"https:\/\/admetec.com\/de\/?page_id=12129"},"modified":"2026-05-10T10:36:32","modified_gmt":"2026-05-10T10:36:32","slug":"admetec-lupen-garantie-5-jahre","status":"publish","type":"page","link":"https:\/\/admetec.com\/de\/admetec-lupen-garantie-5-jahre\/","title":{"rendered":"Admetec\u00ae Garantie: Umfassende 5-Jahres-Garantie f\u00fcr Lupen"},"content":{"rendered":"\t\t<div data-elementor-type=\"wp-page\" data-elementor-id=\"12129\" class=\"elementor elementor-12129\" data-elementor-settings=\"{&quot;ha_cmc_init_switcher&quot;:&quot;no&quot;}\" data-elementor-post-type=\"page\">\n\t\t\t\t<div class=\"elementor-element elementor-element-2d239b4 e-flex e-con-boxed e-con e-parent\" data-id=\"2d239b4\" data-element_type=\"container\" data-e-type=\"container\" data-settings=\"{&quot;_ha_eqh_enable&quot;:false}\">\n\t\t\t\t\t<div class=\"e-con-inner\">\n\t\t\t\t<div class=\"elementor-element elementor-element-7f70c28a elementor-widget elementor-widget-heading\" data-id=\"7f70c28a\" data-element_type=\"widget\" data-e-type=\"widget\" data-widget_type=\"heading.default\">\n\t\t\t\t<div class=\"elementor-widget-container\">\n\t\t\t\t\t<h2 class=\"elementor-heading-title elementor-size-default\">Admetec\u00ae Garantie<\/h2>\t\t\t\t<\/div>\n\t\t\t\t<\/div>\n\t\t\t\t<div class=\"elementor-element elementor-element-7638ed9d elementor-widget elementor-widget-heading\" data-id=\"7638ed9d\" data-element_type=\"widget\" data-e-type=\"widget\" data-widget_type=\"heading.default\">\n\t\t\t\t<div class=\"elementor-widget-container\">\n\t\t\t\t\t<h2 class=\"elementor-heading-title elementor-size-default\">Umfassende 5-Jahres-Garantie f\u00fcr Lupen<\/h2>\t\t\t\t<\/div>\n\t\t\t\t<\/div>\n\t\t\t\t\t<\/div>\n\t\t\t\t<\/div>\n\t\t<div class=\"elementor-element elementor-element-4372a3c8 e-flex e-con-boxed e-con e-parent\" data-id=\"4372a3c8\" data-element_type=\"container\" data-e-type=\"container\" data-settings=\"{&quot;_ha_eqh_enable&quot;:false}\">\n\t\t\t\t\t<div class=\"e-con-inner\">\n\t\t\t\t<div class=\"elementor-element elementor-element-1da7f8ae elementor-widget elementor-widget-text-editor\" data-id=\"1da7f8ae\" data-element_type=\"widget\" data-e-type=\"widget\" data-widget_type=\"text-editor.default\">\n\t\t\t\t<div class=\"elementor-widget-container\">\n\t\t\t\t\t\t\t\t\t<h4 data-start=\"281\" data-end=\"303\">Garantieumfang:<\/h4><p data-start=\"327\" data-end=\"456\">Die Garantieverpflichtungen von Admetec f\u00fcr die Vergr\u00f6\u00dferungslupen beschr\u00e4nken sich auf die nachstehend aufgef\u00fchrten Bedingungen:<\/p><p data-start=\"458\" data-end=\"694\">Admetec garantiert, dass die Vergr\u00f6\u00dferungslupen f\u00fcr einen Zeitraum von f\u00fcnf (5) Jahren ab dem urspr\u00fcnglichen Kaufdatum frei von Material- und Verarbeitungsfehlern sind. Dieser Zeitraum wird nachfolgend als \u201eGarantiezeitraum\u201c bezeichnet.<\/p><p data-start=\"696\" data-end=\"755\">Wird w\u00e4hrend des Garantiezeitraums ein Defekt festgestellt:<\/p><ul data-start=\"757\" data-end=\"1234\"><li data-section-id=\"z523pn\" data-start=\"757\" data-end=\"929\">wird Admetec die Lupen ohne zus\u00e4tzliche Kosten reparieren. Die Reparatur kann je nach Materialverf\u00fcgbarkeit mit neuen oder general\u00fcberholten Teilen durchgef\u00fchrt werden.<\/li><li data-section-id=\"vgatgf\" data-start=\"930\" data-end=\"1234\">Sollte das Produkt nicht reparierbar sein, wird Admetec das Produkt durch ein neues Produkt oder ein Ersatzprodukt ersetzen, das aus neuen oder funktionsf\u00e4higen gebrauchten Teilen hergestellt wurde, vorausgesetzt, dass das Ersatzprodukt eine gleichwertige Funktionalit\u00e4t wie das Originalprodukt bietet.<\/li><\/ul><p data-start=\"1236\" data-end=\"1419\">Jedes im Rahmen dieser Garantie ersetzte Produkt oder Teil geht in das Eigentum von Admetec \u00fcber, w\u00e4hrend das Ersatzprodukt oder die Ersatzteile in das Eigentum des K\u00e4ufers \u00fcbergehen.<\/p><h4 data-start=\"1421\" data-end=\"1448\">Garantieausschl\u00fcsse:<\/h4><p data-start=\"1474\" data-end=\"1639\">Diese Garantie gilt nicht f\u00fcr Sch\u00e4den, die durch wiederholten groben Missbrauch, schwere unsachgem\u00e4\u00dfe Nutzung oder falsche Handhabung des Produkts verursacht wurden.<\/p>\t\t\t\t\t\t\t\t<\/div>\n\t\t\t\t<\/div>\n\t\t\t\t<div class=\"elementor-element elementor-element-595f21e1 elementor-widget elementor-widget-text-editor\" data-id=\"595f21e1\" data-element_type=\"widget\" data-e-type=\"widget\" data-widget_type=\"text-editor.default\">\n\t\t\t\t<div class=\"elementor-widget-container\">\n\t\t\t\t\t\t\t\t\t<p>Part of IFU IM4000004 Rev.F\u00a0<\/p>\t\t\t\t\t\t\t\t<\/div>\n\t\t\t\t<\/div>\n\t\t\t\t\t<\/div>\n\t\t\t\t<\/div>\n\t\t\t\t<\/div>\n\t\t","protected":false},"excerpt":{"rendered":"<p>Admetec\u00ae Garantie Umfassende 5-Jahres-Garantie f\u00fcr Lupen Garantieumfang: Die Garantieverpflichtungen von Admetec f\u00fcr die Vergr\u00f6\u00dferungslupen beschr\u00e4nken sich auf die nachstehend aufgef\u00fchrten Bedingungen: Admetec garantiert, dass die Vergr\u00f6\u00dferungslupen f\u00fcr einen Zeitraum von f\u00fcnf (5) Jahren ab dem urspr\u00fcnglichen Kaufdatum frei von Material- und Verarbeitungsfehlern sind. Dieser Zeitraum wird nachfolgend als \u201eGarantiezeitraum\u201c bezeichnet. Wird w\u00e4hrend des Garantiezeitraums ein [&hellip;]<\/p>\n","protected":false},"author":6,"featured_media":12193,"parent":0,"menu_order":0,"comment_status":"closed","ping_status":"closed","template":"","meta":{"_acf_changed":false,"content-type":"","footnotes":""},"class_list":["post-12129","page","type-page","status-publish","has-post-thumbnail","hentry"],"acf":[],"yoast_head":"<!-- This site is optimized with the Yoast SEO plugin v27.1.1 - https:\/\/yoast.com\/product\/yoast-seo-wordpress\/ -->\n<title>5-Jahres-Garantie f\u00fcr Admetec\u00ae Lupen | Vollst\u00e4ndiger Garantieschutz<\/title>\n<meta name=\"description\" content=\"Erfahren Sie mehr \u00fcber die 5-Jahres-Garantie f\u00fcr Admetec\u00ae Lupen mit Reparatur- oder Ersatzservice bei Material- oder Herstellungsfehlern gem\u00e4\u00df den Garantiebedingungen.\" \/>\n<meta name=\"robots\" content=\"index, follow, max-snippet:-1, max-image-preview:large, max-video-preview:-1\" \/>\n<link rel=\"canonical\" href=\"https:\/\/admetec.com\/de\/admetec-lupen-garantie-5-jahre\/\" \/>\n<meta property=\"og:locale\" content=\"en_US\" \/>\n<meta property=\"og:type\" content=\"article\" \/>\n<meta property=\"og:title\" content=\"5-Jahres-Garantie f\u00fcr Admetec\u00ae Lupen | Vollst\u00e4ndiger Garantieschutz\" \/>\n<meta property=\"og:description\" content=\"Erfahren Sie mehr \u00fcber die 5-Jahres-Garantie f\u00fcr Admetec\u00ae Lupen mit Reparatur- oder Ersatzservice bei Material- oder Herstellungsfehlern gem\u00e4\u00df den Garantiebedingungen.\" \/>\n<meta property=\"og:url\" content=\"https:\/\/admetec.com\/de\/admetec-lupen-garantie-5-jahre\/\" \/>\n<meta property=\"og:site_name\" content=\"ADMETEC -DE\" \/>\n<meta property=\"article:publisher\" content=\"https:\/\/www.facebook.com\/admetec\" \/>\n<meta property=\"article:modified_time\" content=\"2026-05-10T10:36:32+00:00\" \/>\n<meta property=\"og:image\" content=\"https:\/\/admetec.com\/de\/wp-content\/uploads\/2026\/05\/admetec-warranty.jpg\" \/>\n\t<meta property=\"og:image:width\" content=\"1080\" \/>\n\t<meta property=\"og:image:height\" content=\"1080\" \/>\n\t<meta property=\"og:image:type\" content=\"image\/jpeg\" \/>\n<meta name=\"twitter:card\" content=\"summary_large_image\" \/>\n<meta name=\"twitter:site\" content=\"@admetec\" \/>\n<meta name=\"twitter:label1\" content=\"Est. reading time\" \/>\n\t<meta name=\"twitter:data1\" content=\"1 minute\" \/>\n<script type=\"application\/ld+json\" class=\"yoast-schema-graph\">{\"@context\":\"https:\/\/schema.org\",\"@graph\":[{\"@type\":\"WebPage\",\"@id\":\"https:\/\/admetec.com\/de\/admetec-lupen-garantie-5-jahre\/\",\"url\":\"https:\/\/admetec.com\/de\/admetec-lupen-garantie-5-jahre\/\",\"name\":\"5-Jahres-Garantie f\u00fcr Admetec\u00ae Lupen | Vollst\u00e4ndiger Garantieschutz\",\"isPartOf\":{\"@id\":\"https:\/\/admetec.com\/de\/#website\"},\"primaryImageOfPage\":{\"@id\":\"https:\/\/admetec.com\/de\/admetec-lupen-garantie-5-jahre\/#primaryimage\"},\"image\":{\"@id\":\"https:\/\/admetec.com\/de\/admetec-lupen-garantie-5-jahre\/#primaryimage\"},\"thumbnailUrl\":\"https:\/\/admetec.com\/de\/wp-content\/uploads\/2026\/05\/admetec-warranty.jpg\",\"datePublished\":\"2026-05-04T20:29:45+00:00\",\"dateModified\":\"2026-05-10T10:36:32+00:00\",\"description\":\"Erfahren Sie mehr \u00fcber die 5-Jahres-Garantie f\u00fcr Admetec\u00ae Lupen mit Reparatur- oder Ersatzservice bei Material- oder Herstellungsfehlern gem\u00e4\u00df den Garantiebedingungen.\",\"breadcrumb\":{\"@id\":\"https:\/\/admetec.com\/de\/admetec-lupen-garantie-5-jahre\/#breadcrumb\"},\"inLanguage\":\"en-US\",\"potentialAction\":[{\"@type\":\"ReadAction\",\"target\":[\"https:\/\/admetec.com\/de\/admetec-lupen-garantie-5-jahre\/\"]}]},{\"@type\":\"ImageObject\",\"inLanguage\":\"en-US\",\"@id\":\"https:\/\/admetec.com\/de\/admetec-lupen-garantie-5-jahre\/#primaryimage\",\"url\":\"https:\/\/admetec.com\/de\/wp-content\/uploads\/2026\/05\/admetec-warranty.jpg\",\"contentUrl\":\"https:\/\/admetec.com\/de\/wp-content\/uploads\/2026\/05\/admetec-warranty.jpg\",\"width\":1080,\"height\":1080},{\"@type\":\"BreadcrumbList\",\"@id\":\"https:\/\/admetec.com\/de\/admetec-lupen-garantie-5-jahre\/#breadcrumb\",\"itemListElement\":[{\"@type\":\"ListItem\",\"position\":1,\"name\":\"Home\",\"item\":\"https:\/\/admetec.com\/de\/\"},{\"@type\":\"ListItem\",\"position\":2,\"name\":\"Admetec\u00ae Garantie: Umfassende 5-Jahres-Garantie f\u00fcr Lupen\"}]},{\"@type\":\"WebSite\",\"@id\":\"https:\/\/admetec.com\/de\/#website\",\"url\":\"https:\/\/admetec.com\/de\/\",\"name\":\"ADMETEC\",\"description\":\"We&#039;ve got your back\",\"publisher\":{\"@id\":\"https:\/\/admetec.com\/de\/#organization\"},\"potentialAction\":[{\"@type\":\"SearchAction\",\"target\":{\"@type\":\"EntryPoint\",\"urlTemplate\":\"https:\/\/admetec.com\/de\/?s={search_term_string}\"},\"query-input\":{\"@type\":\"PropertyValueSpecification\",\"valueRequired\":true,\"valueName\":\"search_term_string\"}}],\"inLanguage\":\"en-US\"},{\"@type\":\"Organization\",\"@id\":\"https:\/\/admetec.com\/de\/#organization\",\"name\":\"ADMETEC\",\"url\":\"https:\/\/admetec.com\/de\/\",\"logo\":{\"@type\":\"ImageObject\",\"inLanguage\":\"en-US\",\"@id\":\"https:\/\/admetec.com\/de\/#\/schema\/logo\/image\/\",\"url\":\"https:\/\/admetec.com\/de\/wp-content\/uploads\/2023\/05\/Group-2@2x.png\",\"contentUrl\":\"https:\/\/admetec.com\/de\/wp-content\/uploads\/2023\/05\/Group-2@2x.png\",\"width\":397,\"height\":100,\"caption\":\"ADMETEC\"},\"image\":{\"@id\":\"https:\/\/admetec.com\/de\/#\/schema\/logo\/image\/\"},\"sameAs\":[\"https:\/\/www.facebook.com\/admetec\",\"https:\/\/x.com\/admetec\"]}]}<\/script>\n<!-- \/ Yoast SEO plugin. -->","yoast_head_json":{"title":"5-Jahres-Garantie f\u00fcr Admetec\u00ae Lupen | Vollst\u00e4ndiger Garantieschutz","description":"Erfahren Sie mehr \u00fcber die 5-Jahres-Garantie f\u00fcr Admetec\u00ae Lupen mit Reparatur- oder Ersatzservice bei Material- oder Herstellungsfehlern gem\u00e4\u00df den Garantiebedingungen.","robots":{"index":"index","follow":"follow","max-snippet":"max-snippet:-1","max-image-preview":"max-image-preview:large","max-video-preview":"max-video-preview:-1"},"canonical":"https:\/\/admetec.com\/de\/admetec-lupen-garantie-5-jahre\/","og_locale":"en_US","og_type":"article","og_title":"5-Jahres-Garantie f\u00fcr Admetec\u00ae Lupen | Vollst\u00e4ndiger Garantieschutz","og_description":"Erfahren Sie mehr \u00fcber die 5-Jahres-Garantie f\u00fcr Admetec\u00ae Lupen mit Reparatur- oder Ersatzservice bei Material- oder Herstellungsfehlern gem\u00e4\u00df den Garantiebedingungen.","og_url":"https:\/\/admetec.com\/de\/admetec-lupen-garantie-5-jahre\/","og_site_name":"ADMETEC -DE","article_publisher":"https:\/\/www.facebook.com\/admetec","article_modified_time":"2026-05-10T10:36:32+00:00","og_image":[{"width":1080,"height":1080,"url":"https:\/\/admetec.com\/de\/wp-content\/uploads\/2026\/05\/admetec-warranty.jpg","type":"image\/jpeg"}],"twitter_card":"summary_large_image","twitter_site":"@admetec","twitter_misc":{"Est. reading time":"1 minute"},"schema":{"@context":"https:\/\/schema.org","@graph":[{"@type":"WebPage","@id":"https:\/\/admetec.com\/de\/admetec-lupen-garantie-5-jahre\/","url":"https:\/\/admetec.com\/de\/admetec-lupen-garantie-5-jahre\/","name":"5-Jahres-Garantie f\u00fcr Admetec\u00ae Lupen | Vollst\u00e4ndiger Garantieschutz","isPartOf":{"@id":"https:\/\/admetec.com\/de\/#website"},"primaryImageOfPage":{"@id":"https:\/\/admetec.com\/de\/admetec-lupen-garantie-5-jahre\/#primaryimage"},"image":{"@id":"https:\/\/admetec.com\/de\/admetec-lupen-garantie-5-jahre\/#primaryimage"},"thumbnailUrl":"https:\/\/admetec.com\/de\/wp-content\/uploads\/2026\/05\/admetec-warranty.jpg","datePublished":"2026-05-04T20:29:45+00:00","dateModified":"2026-05-10T10:36:32+00:00","description":"Erfahren Sie mehr \u00fcber die 5-Jahres-Garantie f\u00fcr Admetec\u00ae Lupen mit Reparatur- oder Ersatzservice bei Material- oder Herstellungsfehlern gem\u00e4\u00df den Garantiebedingungen.","breadcrumb":{"@id":"https:\/\/admetec.com\/de\/admetec-lupen-garantie-5-jahre\/#breadcrumb"},"inLanguage":"en-US","potentialAction":[{"@type":"ReadAction","target":["https:\/\/admetec.com\/de\/admetec-lupen-garantie-5-jahre\/"]}]},{"@type":"ImageObject","inLanguage":"en-US","@id":"https:\/\/admetec.com\/de\/admetec-lupen-garantie-5-jahre\/#primaryimage","url":"https:\/\/admetec.com\/de\/wp-content\/uploads\/2026\/05\/admetec-warranty.jpg","contentUrl":"https:\/\/admetec.com\/de\/wp-content\/uploads\/2026\/05\/admetec-warranty.jpg","width":1080,"height":1080},{"@type":"BreadcrumbList","@id":"https:\/\/admetec.com\/de\/admetec-lupen-garantie-5-jahre\/#breadcrumb","itemListElement":[{"@type":"ListItem","position":1,"name":"Home","item":"https:\/\/admetec.com\/de\/"},{"@type":"ListItem","position":2,"name":"Admetec\u00ae Garantie: Umfassende 5-Jahres-Garantie f\u00fcr Lupen"}]},{"@type":"WebSite","@id":"https:\/\/admetec.com\/de\/#website","url":"https:\/\/admetec.com\/de\/","name":"ADMETEC","description":"We&#039;ve got your back","publisher":{"@id":"https:\/\/admetec.com\/de\/#organization"},"potentialAction":[{"@type":"SearchAction","target":{"@type":"EntryPoint","urlTemplate":"https:\/\/admetec.com\/de\/?s={search_term_string}"},"query-input":{"@type":"PropertyValueSpecification","valueRequired":true,"valueName":"search_term_string"}}],"inLanguage":"en-US"},{"@type":"Organization","@id":"https:\/\/admetec.com\/de\/#organization","name":"ADMETEC","url":"https:\/\/admetec.com\/de\/","logo":{"@type":"ImageObject","inLanguage":"en-US","@id":"https:\/\/admetec.com\/de\/#\/schema\/logo\/image\/","url":"https:\/\/admetec.com\/de\/wp-content\/uploads\/2023\/05\/Group-2@2x.png","contentUrl":"https:\/\/admetec.com\/de\/wp-content\/uploads\/2023\/05\/Group-2@2x.png","width":397,"height":100,"caption":"ADMETEC"},"image":{"@id":"https:\/\/admetec.com\/de\/#\/schema\/logo\/image\/"},"sameAs":["https:\/\/www.facebook.com\/admetec","https:\/\/x.com\/admetec"]}]}},"_links":{"self":[{"href":"https:\/\/admetec.com\/de\/wp-json\/wp\/v2\/pages\/12129","targetHints":{"allow":["GET"]}}],"collection":[{"href":"https:\/\/admetec.com\/de\/wp-json\/wp\/v2\/pages"}],"about":[{"href":"https:\/\/admetec.com\/de\/wp-json\/wp\/v2\/types\/page"}],"author":[{"embeddable":true,"href":"https:\/\/admetec.com\/de\/wp-json\/wp\/v2\/users\/6"}],"replies":[{"embeddable":true,"href":"https:\/\/admetec.com\/de\/wp-json\/wp\/v2\/comments?post=12129"}],"version-history":[{"count":8,"href":"https:\/\/admetec.com\/de\/wp-json\/wp\/v2\/pages\/12129\/revisions"}],"predecessor-version":[{"id":12198,"href":"https:\/\/admetec.com\/de\/wp-json\/wp\/v2\/pages\/12129\/revisions\/12198"}],"wp:featuredmedia":[{"embeddable":true,"href":"https:\/\/admetec.com\/de\/wp-json\/wp\/v2\/media\/12193"}],"wp:attachment":[{"href":"https:\/\/admetec.com\/de\/wp-json\/wp\/v2\/media?parent=12129"}],"curies":[{"name":"wp","href":"https:\/\/api.w.org\/{rel}","templated":true}]}}