{"id":6199,"date":"2024-01-16T12:28:45","date_gmt":"2024-01-16T12:28:45","guid":{"rendered":"https:\/\/admetec.com\/de\/?page_id=6199"},"modified":"2025-05-29T11:34:47","modified_gmt":"2025-05-29T11:34:47","slug":"privacy-policy","status":"publish","type":"page","link":"https:\/\/admetec.com\/de\/privacy-policy\/","title":{"rendered":"Datenschutzerkl\u00e4rung"},"content":{"rendered":"\t\t<div data-elementor-type=\"wp-page\" data-elementor-id=\"6199\" class=\"elementor elementor-6199\" data-elementor-settings=\"{&quot;ha_cmc_init_switcher&quot;:&quot;no&quot;}\" data-elementor-post-type=\"page\">\n\t\t\t\t<div class=\"elementor-element elementor-element-47e5f13 e-flex e-con-boxed e-con e-parent\" data-id=\"47e5f13\" data-element_type=\"container\" data-e-type=\"container\" data-settings=\"{&quot;_ha_eqh_enable&quot;:false}\">\n\t\t\t\t\t<div class=\"e-con-inner\">\n\t\t\t\t<div class=\"elementor-element elementor-element-296171b elementor-widget elementor-widget-heading\" data-id=\"296171b\" data-element_type=\"widget\" data-e-type=\"widget\" data-widget_type=\"heading.default\">\n\t\t\t\t<div class=\"elementor-widget-container\">\n\t\t\t\t\t<h2 class=\"elementor-heading-title elementor-size-default\">Datenschutzerkl\u00e4rung<\/h2>\t\t\t\t<\/div>\n\t\t\t\t<\/div>\n\t\t\t\t\t<\/div>\n\t\t\t\t<\/div>\n\t\t<div class=\"elementor-element elementor-element-d333dba e-flex e-con-boxed e-con e-parent\" data-id=\"d333dba\" data-element_type=\"container\" data-e-type=\"container\" data-settings=\"{&quot;_ha_eqh_enable&quot;:false}\">\n\t\t\t\t\t<div class=\"e-con-inner\">\n\t\t\t\t<div class=\"elementor-element elementor-element-b7b551b elementor-widget elementor-widget-text-editor\" data-id=\"b7b551b\" data-element_type=\"widget\" data-e-type=\"widget\" data-widget_type=\"text-editor.default\">\n\t\t\t\t<div class=\"elementor-widget-container\">\n\t\t\t\t\t\t\t\t\t<p>Bei Admetec, erreichbar unter www.admetec.com, ist der Schutz der Privatsph\u00e4re unserer Besucher eine unserer obersten Priorit\u00e4ten. Diese Datenschutzerkl\u00e4rung enth\u00e4lt die Arten von Informationen, die von Admetec gesammelt und aufgezeichnet werden und wie wir sie verwenden.<\/p><p>Wenn Sie weitere Fragen haben oder mehr Informationen \u00fcber unsere Datenschutzerkl\u00e4rung ben\u00f6tigen, z\u00f6gern Sie nicht, uns zu kontaktieren.<\/p><p>Diese Datenschutzerkl\u00e4rung gilt nur f\u00fcr unsere Online-Aktivit\u00e4ten und f\u00fcr die Besucher unserer Website in Bezug auf die Informationen, die sie an Admetec weitergeben und\/oder sammeln. Diese Richtlinie gilt nicht f\u00fcr Informationen, die offline oder \u00fcber andere Kan\u00e4le als diese Website gesammelt werden.<\/p><h4>Einverst\u00e4ndnis<\/h4><p>Durch die Nutzung unserer Website erkl\u00e4ren Sie sich mit unserer Datenschutzerkl\u00e4rung einverstanden und stimmen den darin enthaltenen Bedingungen zu.<\/p><h4>Informationen, die wir sammeln<\/h4><p>Die pers\u00f6nlichen Daten, um die Sie gebeten werden, und die Gr\u00fcnde, warum Sie um diese Daten gebeten werden, werden Ihnen an dem Punkt mitgeteilt, an dem wir Sie um die Angabe Ihrer pers\u00f6nlichen Daten bitten.<\/p><p>Wenn Sie sich direkt mit uns in Verbindung setzen, erhalten wir m\u00f6glicherweise zus\u00e4tzliche Informationen \u00fcber Sie, wie z.B. Ihren Namen, Ihre E-Mail-Adresse, Ihre Telefonnummer, den Inhalt der Nachricht und\/oder Anh\u00e4nge, die Sie uns senden, sowie alle anderen Informationen, die Sie uns zur Verf\u00fcgung stellen.<\/p><p>Wenn wir ein Konto f\u00fcr Sie einrichten, fragen wir Sie m\u00f6glicherweise nach Ihren Kontaktinformationen, einschlie\u00dflich Angaben wie Name, Firmenname, Adresse, E-Mail-Adresse und Telefonnummer, Ausweis, Alter, Sehst\u00e4rke usw.<\/p><h4>Wie wir Ihre Informationen verwenden<\/h4><p>Wir verwenden die von uns gesammelten Informationen auf verschiedene Weise, unter anderem f\u00fcr folgende Zwecke:<\/p><ul><li>Zur Bereitstellung, Betrieb und Wartung unserer Produkte, Dienstleistungen und Website<\/li><li>Zur Verbesserung, Personalisierung und Erweiterung unserer Produkte, Dienstleistungen und Website<\/li><li>Um zu verstehen und zu analysieren, wie Sie unsere Produkte, Dienstleistungen und Website nutzen<\/li><li>Um neue Produkte, Dienstleistungen, Funktionen und Funktionalit\u00e4ten zu entwickeln<\/li><li>Um mit Ihnen zu kommunizieren, entweder direkt oder \u00fcber einen unserer Partner, z.B. im Rahmen der Kundenunterst\u00fctzung, um Ihnen Aktualisierungen und andere Informationen in Bezug auf die Website, die Produkte und den Service im Allgemeinen sowie zu Marketing- und Werbezwecken zukommen zu lassen.<\/li><li>Ihnen E-Mails zu senden<\/li><li>um Betrug zu erkennen und zu verhindern<\/li><\/ul><h4>Logdateien<\/h4><p>Admetec folgt einem Standardverfahren zur Verwendung von Logdateien. Diese Dateien protokollieren den Besuch von Websites. Alle Hosting-Unternehmen tun dies und es ist Teil der Analyse der Hosting-Dienste. Zu den in den Logdateien gesammelten Informationen geh\u00f6ren Internetprotokolladressen (IP-Adressen), Browsertyp, Internet Service Provider (ISP), Datums- und Zeitstempel, Verweis- und Ausstiegsseiten und m\u00f6glicherweise die Anzahl der Klicks. Diese Daten sind nicht mit Informationen verkn\u00fcpft, mit denen Sie pers\u00f6nlich identifiziert werden k\u00f6nnen. Der Zweck dieser Informationen ist die Analyse von Trends, die Verwaltung der Website, die Verfolgung der Bewegungen der Benutzer auf der Website und die Erfassung demografischer Informationen.<\/p><h4>Cookies und Web Beacons<\/h4><p>Wie jede andere Website verwendet Admetec &#8220;Cookies&#8221;. Diese Cookies werden verwendet, um Informationen zu speichern, einschlie\u00dflich der Pr\u00e4ferenzen der Besucher und der Seiten auf der Website, die der Besucher aufgerufen oder besucht hat. Diese Informationen werden verwendet, um die Erfahrung des Benutzers zu optimieren, indem wir den Inhalt unserer Webseite auf der Grundlage des Browsertyps des Besuchers und\/oder anderer Informationen individualisieren.<\/p><h4>Google DoubleClick DART-Cookies<\/h4><p>Google ist einer der Drittanbieter auf unserer Website. Google verwendet ebenfalls Cookies, so genannte DART-Cookies, um den Besuchern unserer Website auf der Grundlage ihrer Besuche auf www.website.com und anderen Websites im Internet Anzeigen zu schalten. Sie k\u00f6nnen jedoch die Verwendung von DART-Cookies ablehnen, indem Sie die Datenschutzerkl\u00e4rung des Google-Anzeigen- und Content-Netzwerks unter der folgenden URL aufrufen &#8211; <a href=\"https:\/\/policies.google.com\/technologies\/ads\">https:\/\/policies.google.com\/technologies\/ads<\/a><\/p><h4>Unsere Werbepartner<\/h4><p>Einige der Werbepartner auf unserer Website verwenden m\u00f6glicherweise Cookies und Web Beacons. Unsere Werbepartner sind unten aufgef\u00fchrt. Jeder unserer Werbepartner hat seine eigene Datenschutzerkl\u00e4rung f\u00fcr den Umgang mit Nutzerdaten. Um Ihnen den Zugang zu erleichtern, haben wir die entsprechenden Datenschutzerkl\u00e4rungen unten verlinkt.<\/p><ul><li>Google<\/li><\/ul><p><a href=\"https:\/\/policies.google.com\/technologies\/ads\">https:\/\/policies.google.com\/technologies\/ads<\/a><\/p><ul><li>Meta<\/li><\/ul><p><a href=\"https:\/\/www.facebook.com\/business\/help\/488043719226449?id=434838534925385\">https:\/\/www.facebook.com\/business\/help\/488043719226449<\/a><\/p><ul><li>LinkedIn<\/li><\/ul><p><a href=\"https:\/\/www.linkedin.com\/legal\/ads-policy\">https:\/\/www.linkedin.com\/legal\/ads-policy<\/a><\/p><h4>Datenschutzerkl\u00e4rungen der Werbepartner<\/h4><p>Sie k\u00f6nnen diese Liste einsehen, um die Datenschutzerkl\u00e4rung f\u00fcr jeden der Werbepartner von Admetec zu finden.<\/p><p>Werbeserver oder Werbenetzwerke von Drittanbietern verwenden Technologien wie Cookies, JavaScript oder Web Beacons, die in ihren jeweiligen Anzeigen und Links, die auf Admetec erscheinen, verwendet werden und direkt an die Browser der Nutzer gesendet werden. Sie erhalten automatisch Ihre IP-Adresse, wenn dies geschieht. Diese Technologien werden verwendet, um die Effektivit\u00e4t ihrer Werbekampagnen zu messen und\/oder um die Werbeinhalte zu personalisieren, die Sie auf den von Ihnen besuchten Websites sehen.<\/p><p>Beachten Sie, dass Admetec keinen Zugriff auf oder Kontrolle \u00fcber diese Cookies hat, die von Drittanbietern verwendet werden.<\/p><h4>Datenschutzrichtlinien von Dritten<\/h4><p>Die Datenschutzerkl\u00e4rung von Admetec gilt nicht f\u00fcr andere Werbetreibende oder Websites. Wir raten Ihnen daher, die jeweiligen Datenschutzrichtlinien dieser Werbeserver Dritter zu konsultieren, um genauere Informationen zu erhalten. Diese k\u00f6nnen deren Praktiken und Anweisungen dar\u00fcber enthalten, wie Sie bestimmte Optionen deaktivieren k\u00f6nnen.<\/p><p>Sie k\u00f6nnen Cookies \u00fcber Ihre individuellen Browseroptionen deaktivieren. Ausf\u00fchrlichere Informationen zur Cookie-Verwaltung mit bestimmten Webbrowsern finden Sie auf den jeweiligen Websites der Browser.<\/p><h4>CCPA-Datenschutzrechte (Verkaufen Sie meine pers\u00f6nlichen Daten nicht)<\/h4><p>Nach dem CCPA haben kalifornische Verbraucher neben anderen Rechten das Recht:<\/p><p>zu verlangen, dass ein Unternehmen, das personenbezogene Daten eines Verbrauchers sammelt, die Kategorien und spezifischen Teile der personenbezogenen Daten offenlegt, die das Unternehmen \u00fcber den Verbraucher gesammelt hat.<\/p><p>von einem Unternehmen die L\u00f6schung aller personenbezogenen Daten zu verlangen, die das Unternehmen \u00fcber den Verbraucher gesammelt hat.<\/p><p>zu verlangen, dass ein Unternehmen, das die pers\u00f6nlichen Daten eines Verbrauchers verkauft, die pers\u00f6nlichen Daten des Verbrauchers nicht verkauft.<\/p><p>Wenn Sie eine Anfrage einreichen, haben wir einen Monat Zeit, Ihnen zu antworten. Wenn Sie eines dieser Rechte aus\u00fcben m\u00f6chten, setzen Sie sich bitte mit uns in Verbindung.<\/p><h4>GDPR (DSGVO) &#8211; Datenschutzrechte<\/h4><p>Wir m\u00f6chten sicherstellen, dass Sie \u00fcber alle Ihre Datenschutzrechte informiert sind. Alle Nutzer haben folgende Rechte:<\/p><p>Das Recht auf Zugang &#8211; Sie haben das Recht, Kopien Ihrer pers\u00f6nlichen Daten anzufordern. F\u00fcr diesen Dienst k\u00f6nnen wir Ihnen eine geringe Geb\u00fchr in Rechnung stellen.<\/p><p>Das Recht auf Berichtigung &#8211; Sie haben das Recht, von uns die Berichtigung von Daten zu verlangen, die Sie f\u00fcr unrichtig halten. Sie haben auch das Recht, von uns zu verlangen, dass wir die Informationen vervollst\u00e4ndigen, die Sie f\u00fcr unvollst\u00e4ndig halten.<\/p><p>Das Recht auf L\u00f6schung &#8211; Sie haben das Recht, unter bestimmten Bedingungen zu verlangen, dass wir Ihre personenbezogenen Daten l\u00f6schen.<\/p><p>Das Recht auf Einschr\u00e4nkung der Verarbeitung &#8211; Sie haben das Recht, unter bestimmten Bedingungen zu verlangen, dass wir die Verarbeitung Ihrer personenbezogenen Daten einschr\u00e4nken.<\/p><p>Recht auf Widerspruch gegen die Verarbeitung &#8211; Sie haben das Recht, unter bestimmten Bedingungen Widerspruch gegen die Verarbeitung Ihrer personenbezogenen Daten durch uns einzulegen.<\/p><p>Das Recht auf Daten\u00fcbertragbarkeit &#8211; Sie haben das Recht, unter bestimmten Bedingungen zu verlangen, dass wir die von uns erfassten Daten an eine andere Organisation oder direkt an Sie weitergeben.<\/p><p>Wenn Sie eine Anfrage einreichen, haben wir einen Monat Zeit, Ihnen zu antworten. Wenn Sie eines dieser Rechte aus\u00fcben m\u00f6chten, kontaktieren Sie uns bitte.<\/p><h4>Informationen \u00fcber Kinder<\/h4><p>Ein weiterer Teil unserer Priorit\u00e4t ist der Schutz von Kindern bei der Nutzung des Internets. Wir ermutigen Eltern und Erziehungsberechtigte, ihre Online-Aktivit\u00e4ten zu beobachten, sich daran zu beteiligen und\/oder sie zu \u00fcberwachen und zu leiten.<\/p><p>Admetec sammelt keine personenbezogenen Daten von Kindern unter 13 Jahren. Wenn Sie der Meinung sind, dass Ihr Kind diese Art von Informationen auf unserer Website zur Verf\u00fcgung gestellt hat, empfehlen wir Ihnen dringend, uns umgehend zu kontaktieren, und wir werden unser Bestes tun, um diese Informationen umgehend aus unseren Unterlagen zu entfernen.<\/p><h4>\u00c4nderungen an dieser Datenschutzerkl\u00e4rung<\/h4><p>Wir k\u00f6nnen unsere Datenschutzerkl\u00e4rung von Zeit zu Zeit aktualisieren. Wir empfehlen Ihnen daher, diese Seite regelm\u00e4\u00dfig auf \u00c4nderungen zu \u00fcberpr\u00fcfen. Wir werden Sie \u00fcber alle \u00c4nderungen informieren, indem wir die neue Datenschutzrichtlinie auf dieser Seite ver\u00f6ffentlichen. Diese \u00c4nderungen treten sofort in Kraft, nachdem sie auf dieser Seite ver\u00f6ffentlicht wurden.<\/p><h4>Kontakt<\/h4><p>Wenn Sie Fragen oder Anregungen zu unserer Datenschutzerkl\u00e4rung haben, z\u00f6gern Sie nicht, uns zu kontaktieren.<\/p>\t\t\t\t\t\t\t\t<\/div>\n\t\t\t\t<\/div>\n\t\t\t\t\t<\/div>\n\t\t\t\t<\/div>\n\t\t\t\t<\/div>\n\t\t","protected":false},"excerpt":{"rendered":"<p>Datenschutzerkl\u00e4rung Bei Admetec, erreichbar unter www.admetec.com, ist der Schutz der Privatsph\u00e4re unserer Besucher eine unserer obersten Priorit\u00e4ten. Diese Datenschutzerkl\u00e4rung enth\u00e4lt die Arten von Informationen, die von Admetec gesammelt und aufgezeichnet werden und wie wir sie verwenden. Wenn Sie weitere Fragen haben oder mehr Informationen \u00fcber unsere Datenschutzerkl\u00e4rung ben\u00f6tigen, z\u00f6gern Sie nicht, uns zu kontaktieren. Diese [&hellip;]<\/p>\n","protected":false},"author":3,"featured_media":0,"parent":0,"menu_order":0,"comment_status":"closed","ping_status":"closed","template":"","meta":{"_acf_changed":false,"content-type":"","footnotes":""},"class_list":["post-6199","page","type-page","status-publish","hentry"],"acf":[],"yoast_head":"<!-- This site is optimized with the Yoast SEO plugin v27.1.1 - https:\/\/yoast.com\/product\/yoast-seo-wordpress\/ -->\n<title>Datenschutzerkl\u00e4rung - ADMETEC -DE<\/title>\n<meta name=\"robots\" content=\"index, follow, max-snippet:-1, max-image-preview:large, max-video-preview:-1\" \/>\n<link rel=\"canonical\" href=\"https:\/\/admetec.com\/de\/privacy-policy\/\" \/>\n<meta property=\"og:locale\" content=\"en_US\" \/>\n<meta property=\"og:type\" content=\"article\" \/>\n<meta property=\"og:title\" content=\"Datenschutzerkl\u00e4rung - ADMETEC -DE\" \/>\n<meta property=\"og:description\" content=\"Datenschutzerkl\u00e4rung Bei Admetec, erreichbar unter www.admetec.com, ist der Schutz der Privatsph\u00e4re unserer Besucher eine unserer obersten Priorit\u00e4ten. Diese Datenschutzerkl\u00e4rung enth\u00e4lt die Arten von Informationen, die von Admetec gesammelt und aufgezeichnet werden und wie wir sie verwenden. Wenn Sie weitere Fragen haben oder mehr Informationen \u00fcber unsere Datenschutzerkl\u00e4rung ben\u00f6tigen, z\u00f6gern Sie nicht, uns zu kontaktieren. Diese [&hellip;]\" \/>\n<meta property=\"og:url\" content=\"https:\/\/admetec.com\/de\/privacy-policy\/\" \/>\n<meta property=\"og:site_name\" content=\"ADMETEC -DE\" \/>\n<meta property=\"article:publisher\" content=\"https:\/\/www.facebook.com\/admetec\" \/>\n<meta property=\"article:modified_time\" content=\"2025-05-29T11:34:47+00:00\" \/>\n<meta name=\"twitter:card\" content=\"summary_large_image\" \/>\n<meta name=\"twitter:site\" content=\"@admetec\" \/>\n<meta name=\"twitter:label1\" content=\"Est. reading time\" \/>\n\t<meta name=\"twitter:data1\" content=\"6 minutes\" \/>\n<script type=\"application\/ld+json\" class=\"yoast-schema-graph\">{\"@context\":\"https:\/\/schema.org\",\"@graph\":[{\"@type\":\"WebPage\",\"@id\":\"https:\/\/admetec.com\/de\/privacy-policy\/\",\"url\":\"https:\/\/admetec.com\/de\/privacy-policy\/\",\"name\":\"Datenschutzerkl\u00e4rung - ADMETEC -DE\",\"isPartOf\":{\"@id\":\"https:\/\/admetec.com\/de\/#website\"},\"datePublished\":\"2024-01-16T12:28:45+00:00\",\"dateModified\":\"2025-05-29T11:34:47+00:00\",\"breadcrumb\":{\"@id\":\"https:\/\/admetec.com\/de\/privacy-policy\/#breadcrumb\"},\"inLanguage\":\"en-US\",\"potentialAction\":[{\"@type\":\"ReadAction\",\"target\":[\"https:\/\/admetec.com\/de\/privacy-policy\/\"]}]},{\"@type\":\"BreadcrumbList\",\"@id\":\"https:\/\/admetec.com\/de\/privacy-policy\/#breadcrumb\",\"itemListElement\":[{\"@type\":\"ListItem\",\"position\":1,\"name\":\"Home\",\"item\":\"https:\/\/admetec.com\/de\/\"},{\"@type\":\"ListItem\",\"position\":2,\"name\":\"Datenschutzerkl\u00e4rung\"}]},{\"@type\":\"WebSite\",\"@id\":\"https:\/\/admetec.com\/de\/#website\",\"url\":\"https:\/\/admetec.com\/de\/\",\"name\":\"ADMETEC\",\"description\":\"We&#039;ve got your back\",\"publisher\":{\"@id\":\"https:\/\/admetec.com\/de\/#organization\"},\"potentialAction\":[{\"@type\":\"SearchAction\",\"target\":{\"@type\":\"EntryPoint\",\"urlTemplate\":\"https:\/\/admetec.com\/de\/?s={search_term_string}\"},\"query-input\":{\"@type\":\"PropertyValueSpecification\",\"valueRequired\":true,\"valueName\":\"search_term_string\"}}],\"inLanguage\":\"en-US\"},{\"@type\":\"Organization\",\"@id\":\"https:\/\/admetec.com\/de\/#organization\",\"name\":\"ADMETEC\",\"url\":\"https:\/\/admetec.com\/de\/\",\"logo\":{\"@type\":\"ImageObject\",\"inLanguage\":\"en-US\",\"@id\":\"https:\/\/admetec.com\/de\/#\/schema\/logo\/image\/\",\"url\":\"https:\/\/admetec.com\/de\/wp-content\/uploads\/2023\/05\/Group-2@2x.png\",\"contentUrl\":\"https:\/\/admetec.com\/de\/wp-content\/uploads\/2023\/05\/Group-2@2x.png\",\"width\":397,\"height\":100,\"caption\":\"ADMETEC\"},\"image\":{\"@id\":\"https:\/\/admetec.com\/de\/#\/schema\/logo\/image\/\"},\"sameAs\":[\"https:\/\/www.facebook.com\/admetec\",\"https:\/\/x.com\/admetec\"]}]}<\/script>\n<!-- \/ Yoast SEO plugin. -->","yoast_head_json":{"title":"Datenschutzerkl\u00e4rung - ADMETEC -DE","robots":{"index":"index","follow":"follow","max-snippet":"max-snippet:-1","max-image-preview":"max-image-preview:large","max-video-preview":"max-video-preview:-1"},"canonical":"https:\/\/admetec.com\/de\/privacy-policy\/","og_locale":"en_US","og_type":"article","og_title":"Datenschutzerkl\u00e4rung - ADMETEC -DE","og_description":"Datenschutzerkl\u00e4rung Bei Admetec, erreichbar unter www.admetec.com, ist der Schutz der Privatsph\u00e4re unserer Besucher eine unserer obersten Priorit\u00e4ten. Diese Datenschutzerkl\u00e4rung enth\u00e4lt die Arten von Informationen, die von Admetec gesammelt und aufgezeichnet werden und wie wir sie verwenden. Wenn Sie weitere Fragen haben oder mehr Informationen \u00fcber unsere Datenschutzerkl\u00e4rung ben\u00f6tigen, z\u00f6gern Sie nicht, uns zu kontaktieren. Diese [&hellip;]","og_url":"https:\/\/admetec.com\/de\/privacy-policy\/","og_site_name":"ADMETEC -DE","article_publisher":"https:\/\/www.facebook.com\/admetec","article_modified_time":"2025-05-29T11:34:47+00:00","twitter_card":"summary_large_image","twitter_site":"@admetec","twitter_misc":{"Est. reading time":"6 minutes"},"schema":{"@context":"https:\/\/schema.org","@graph":[{"@type":"WebPage","@id":"https:\/\/admetec.com\/de\/privacy-policy\/","url":"https:\/\/admetec.com\/de\/privacy-policy\/","name":"Datenschutzerkl\u00e4rung - ADMETEC -DE","isPartOf":{"@id":"https:\/\/admetec.com\/de\/#website"},"datePublished":"2024-01-16T12:28:45+00:00","dateModified":"2025-05-29T11:34:47+00:00","breadcrumb":{"@id":"https:\/\/admetec.com\/de\/privacy-policy\/#breadcrumb"},"inLanguage":"en-US","potentialAction":[{"@type":"ReadAction","target":["https:\/\/admetec.com\/de\/privacy-policy\/"]}]},{"@type":"BreadcrumbList","@id":"https:\/\/admetec.com\/de\/privacy-policy\/#breadcrumb","itemListElement":[{"@type":"ListItem","position":1,"name":"Home","item":"https:\/\/admetec.com\/de\/"},{"@type":"ListItem","position":2,"name":"Datenschutzerkl\u00e4rung"}]},{"@type":"WebSite","@id":"https:\/\/admetec.com\/de\/#website","url":"https:\/\/admetec.com\/de\/","name":"ADMETEC","description":"We&#039;ve got your back","publisher":{"@id":"https:\/\/admetec.com\/de\/#organization"},"potentialAction":[{"@type":"SearchAction","target":{"@type":"EntryPoint","urlTemplate":"https:\/\/admetec.com\/de\/?s={search_term_string}"},"query-input":{"@type":"PropertyValueSpecification","valueRequired":true,"valueName":"search_term_string"}}],"inLanguage":"en-US"},{"@type":"Organization","@id":"https:\/\/admetec.com\/de\/#organization","name":"ADMETEC","url":"https:\/\/admetec.com\/de\/","logo":{"@type":"ImageObject","inLanguage":"en-US","@id":"https:\/\/admetec.com\/de\/#\/schema\/logo\/image\/","url":"https:\/\/admetec.com\/de\/wp-content\/uploads\/2023\/05\/Group-2@2x.png","contentUrl":"https:\/\/admetec.com\/de\/wp-content\/uploads\/2023\/05\/Group-2@2x.png","width":397,"height":100,"caption":"ADMETEC"},"image":{"@id":"https:\/\/admetec.com\/de\/#\/schema\/logo\/image\/"},"sameAs":["https:\/\/www.facebook.com\/admetec","https:\/\/x.com\/admetec"]}]}},"_links":{"self":[{"href":"https:\/\/admetec.com\/de\/wp-json\/wp\/v2\/pages\/6199","targetHints":{"allow":["GET"]}}],"collection":[{"href":"https:\/\/admetec.com\/de\/wp-json\/wp\/v2\/pages"}],"about":[{"href":"https:\/\/admetec.com\/de\/wp-json\/wp\/v2\/types\/page"}],"author":[{"embeddable":true,"href":"https:\/\/admetec.com\/de\/wp-json\/wp\/v2\/users\/3"}],"replies":[{"embeddable":true,"href":"https:\/\/admetec.com\/de\/wp-json\/wp\/v2\/comments?post=6199"}],"version-history":[{"count":11,"href":"https:\/\/admetec.com\/de\/wp-json\/wp\/v2\/pages\/6199\/revisions"}],"predecessor-version":[{"id":9815,"href":"https:\/\/admetec.com\/de\/wp-json\/wp\/v2\/pages\/6199\/revisions\/9815"}],"wp:attachment":[{"href":"https:\/\/admetec.com\/de\/wp-json\/wp\/v2\/media?parent=6199"}],"curies":[{"name":"wp","href":"https:\/\/api.w.org\/{rel}","templated":true}]}}