{"id":6204,"date":"2024-01-16T12:54:18","date_gmt":"2024-01-16T12:54:18","guid":{"rendered":"https:\/\/admetec.com\/de\/?page_id=6204"},"modified":"2025-05-29T11:34:55","modified_gmt":"2025-05-29T11:34:55","slug":"terms-and-conditions","status":"publish","type":"page","link":"https:\/\/admetec.com\/de\/terms-and-conditions\/","title":{"rendered":"Allgemeine Gesch\u00e4ftsbedingungen"},"content":{"rendered":"\t\t<div data-elementor-type=\"wp-page\" data-elementor-id=\"6204\" class=\"elementor elementor-6204\" data-elementor-settings=\"{&quot;ha_cmc_init_switcher&quot;:&quot;no&quot;}\" data-elementor-post-type=\"page\">\n\t\t\t\t<div class=\"elementor-element elementor-element-47e5f13 e-flex e-con-boxed e-con e-parent\" data-id=\"47e5f13\" data-element_type=\"container\" data-e-type=\"container\" data-settings=\"{&quot;_ha_eqh_enable&quot;:false}\">\n\t\t\t\t\t<div class=\"e-con-inner\">\n\t\t\t\t<div class=\"elementor-element elementor-element-296171b elementor-widget elementor-widget-heading\" data-id=\"296171b\" data-element_type=\"widget\" data-e-type=\"widget\" data-widget_type=\"heading.default\">\n\t\t\t\t<div class=\"elementor-widget-container\">\n\t\t\t\t\t<h2 class=\"elementor-heading-title elementor-size-default\">Allgemeine Gesch\u00e4ftsbedingungen<\/h2>\t\t\t\t<\/div>\n\t\t\t\t<\/div>\n\t\t\t\t\t<\/div>\n\t\t\t\t<\/div>\n\t\t<div class=\"elementor-element elementor-element-d333dba e-flex e-con-boxed e-con e-parent\" data-id=\"d333dba\" data-element_type=\"container\" data-e-type=\"container\" data-settings=\"{&quot;_ha_eqh_enable&quot;:false}\">\n\t\t\t\t\t<div class=\"e-con-inner\">\n\t\t\t\t<div class=\"elementor-element elementor-element-b7b551b elementor-widget elementor-widget-text-editor\" data-id=\"b7b551b\" data-element_type=\"widget\" data-e-type=\"widget\" data-widget_type=\"text-editor.default\">\n\t\t\t\t<div class=\"elementor-widget-container\">\n\t\t\t\t\t\t\t\t\t<p>Willkommen bei Admetec!<\/p><p>Diese Allgemeinen Gesch\u00e4ftsbedingungen beschreiben die Regeln und Vorschriften f\u00fcr die Nutzung der Website von Admetec, die Sie unter www.admetec.com finden.<\/p><p>Mit dem Zugriff auf diese Website gehen wir davon aus, dass Sie diese Allgemeine Gesch\u00e4ftsbedingungen akzeptieren. Fahren Sie nicht mit der Nutzung von Admetec fort, wenn Sie nicht mit allen auf dieser Seite genannten Bedingungen einverstanden sind.<\/p><p>Die folgende Terminologie gilt f\u00fcr diese Allgemeine Gesch\u00e4ftsbedingungen, die Datenschutzerkl\u00e4rung und den Haftungsausschluss sowie alle Vereinbarungen: &#8220;Kunde&#8221;, &#8220;Sie&#8221; und &#8220;Ihr&#8221; bezieht sich auf Sie, die Person, die sich auf dieser Website anmeldet und mit den Bedingungen des Unternehmens einverstanden ist. &#8220;Das Unternehmen&#8221;, &#8220;Wir&#8221;, &#8220;Unser&#8221; und &#8220;Uns&#8221; bezieht sich auf unser Unternehmen. &#8220;Partei\u201c oder &#8220;Parteien&#8221; bezieht sich sowohl auf den Kunden als auch auf das Unternehmen. Alle Begriffe beziehen sich auf das Angebot, die Annahme und die Ber\u00fccksichtigung der Zahlung, die notwendig ist, um den Prozess unserer Unterst\u00fctzung f\u00fcr den Kunden in der am besten geeigneten Art und Weise durchzuf\u00fchren, mit dem ausdr\u00fccklichen Ziel, die Bed\u00fcrfnisse des Kunden in Bezug auf die Bereitstellung der angegebenen Dienstleistungen des Unternehmens zu erf\u00fcllen, in \u00dcbereinstimmung mit und vorbehaltlich des geltenden Rechts von Israel. Jegliche Verwendung der oben genannten Terminologie oder anderer W\u00f6rter in der Einzahl, Mehrzahl, Gro\u00df- und Kleinschreibung und\/oder er\/sie, werden als austauschbar angesehen und beziehen sich daher auf dasselbe.<\/p><h4>Cookies<\/h4><p>Wir verwenden die Verwendung von Cookies. Indem Sie auf Admetec zugreifen, erkl\u00e4ren Sie sich mit der Verwendung von Cookies in \u00dcbereinstimmung mit der Datenschutzerkl\u00e4rung von Admetec einverstanden.<\/p><p>Die meisten interaktiven Websites verwenden Cookies, damit wir bei jedem Besuch die Daten des Benutzers abrufen k\u00f6nnen. Cookies werden von unserer Website verwendet, um die Funktionalit\u00e4t bestimmter Bereiche zu erm\u00f6glichen und den Besuch unserer Website zu erleichtern. Einige unserer Partner\/Werbepartner k\u00f6nnen ebenfalls Cookies verwenden.<\/p><h4>Lizenz<\/h4><p>Sofern nicht anders angegeben, sind Admetec und\/oder seine Lizenzgeber die Eigent\u00fcmer der geistigen Eigentumsrechte f\u00fcr das gesamte Material auf Admetec. Alle Rechte an geistigem Eigentum sind vorbehalten. Sie k\u00f6nnen auf dieses Material von Admetec f\u00fcr Ihren pers\u00f6nlichen Gebrauch zugreifen, vorbehaltlich der in diesen Allgemeinen Gesch\u00e4ftsbedingungen festgelegten Einschr\u00e4nkungen.<\/p><p>Folgendes ist untersagt:<\/p><ul><li>Wiederver\u00f6ffentlichung von Material von Admetec<\/li><li>Verkauf, Vermietung oder Unterlizenzierung von Material von Admetec<\/li><li>Reproduktion, Vervielf\u00e4ltigung oder Kopie von Admetec-Material<\/li><li>Weiterverbreitung von Inhalten von Admetec<\/li><\/ul><p>\u00a0<\/p><p>Dieses Abkommen beginnt mit dem Datum dieses Abkommens.<\/p><p>Teile dieser Website bieten den Benutzern die M\u00f6glichkeit, Meinungen und Informationen in bestimmten Bereichen der Website zu ver\u00f6ffentlichen und auszutauschen. Admetec filtert, bearbeitet, ver\u00f6ffentlicht oder \u00fcberpr\u00fcft die Kommentare nicht, bevor sie auf der Website ver\u00f6ffentlicht werden. Die Kommentare spiegeln nicht die Ansichten und Meinungen von Admetec, seinen Vertretern und\/oder verbundenen Unternehmen wider. Die Kommentare spiegeln die Ansichten und Meinungen der Person wider, die ihre Ansichten und Meinungen ver\u00f6ffentlicht. Admetec haftet im Rahmen der geltenden Gesetze nicht f\u00fcr die Kommentare oder f\u00fcr jegliche Haftung, Sch\u00e4den oder Ausgaben, die durch die Nutzung und\/oder Ver\u00f6ffentlichung und\/oder das Erscheinen der Kommentare auf dieser Website verursacht und\/oder erlitten werden.<\/p><p>Admetec beh\u00e4lt sich das Recht vor, alle Kommentare zu \u00fcberwachen und alle Kommentare zu entfernen, die als unangemessen oder beleidigend angesehen werden k\u00f6nnen oder die gegen diese Allgemeinen Gesch\u00e4ftsbedingungen versto\u00dfen.<\/p><p>Sie garantieren und stimmen folgendem zu:<\/p><ul><li>Sie sind berechtigt, die Kommentare auf unserer Website zu ver\u00f6ffentlichen und verf\u00fcgen \u00fcber alle erforderlichen Lizenzen und Zustimmungen;<\/li><li>Das die Kommentare kein geistiges Eigentumsrecht verletzen, einschlie\u00dflich, aber nicht beschr\u00e4nkt auf Urheberrechte, Patente oder Warenzeichen Dritter;<\/li><li>Die Kommentare enthalten kein verleumderisches, beleidigendes, anst\u00f6\u00dfiges, unanst\u00e4ndiges oder anderweitig rechtswidriges Material, das eine Verletzung der Privatsph\u00e4re darstellt.<\/li><li>Die Kommentare werden nicht verwendet, um f\u00fcr Gesch\u00e4fte oder Gewohnheiten zu werben oder kommerzielle Aktivit\u00e4ten oder ungesetzliche Aktivit\u00e4ten darzustellen.<\/li><\/ul><p>Sie gew\u00e4hren Admetec hiermit eine nicht-exklusive Lizenz zur Nutzung, Vervielf\u00e4ltigung, Bearbeitung und Autorisierung anderer zur Nutzung, Vervielf\u00e4ltigung und Bearbeitung Ihrer Kommentare in allen Formen, Formaten oder Medien.<\/p><h4>Hyperlinking zu unserem Inhalt<\/h4><p>Die folgenden Organisationen k\u00f6nnen ohne vorherige schriftliche Genehmigung auf unsere Website verlinken:<\/p><ul><li>Regierungsbeh\u00f6rden;<\/li><li>Suchmaschinen;<\/li><li>Nachrichten-Organisationen;<\/li><li>Online-Verteiler von Verzeichnissen k\u00f6nnen auf unsere Website in der gleichen Weise verlinken, wie sie Hyperlinks zu den Websites anderer gelisteter Unternehmen setzen; und<\/li><li>Systemweit akkreditierte Unternehmen mit Ausnahme von Non-Profit-Organisationen, Einkaufszentren f\u00fcr wohlt\u00e4tige Zwecke und Gruppen f\u00fcr wohlt\u00e4tige Zwecke, die keine Hyperlinks zu unserer Website herstellen d\u00fcrfen.<\/li><\/ul><p>Diese Organisationen d\u00fcrfen einen Link zu unserer Homepage, zu Publikationen oder zu anderen Website-Informationen setzen, solange der Link: (a) nicht in irgendeiner Weise irref\u00fchrend ist; (b) nicht f\u00e4lschlicherweise eine Unterst\u00fctzung, Bef\u00fcrwortung oder Billigung der verlinkenden Partei und ihrer Produkte und\/oder Dienstleistungen impliziert; und (c) in den Kontext der Website der verlinkenden Partei passt.<\/p><p>Wir k\u00f6nnen andere Linkanfragen von den folgenden Arten von Organisationen ber\u00fccksichtigen und genehmigen:<\/p><ul><li>allgemein bekannte Informationsquellen f\u00fcr Verbraucher und\/oder Unternehmen;<\/li><li>Websites der dot.com-Gemeinschaft;<\/li><li>Vereine oder andere Gruppen, die Wohlt\u00e4tigkeitsorganisationen vertreten;<\/li><li>Online-Verteiler von Verzeichnissen;<\/li><li>Internet-Portale;<\/li><li>Buchhaltungs-, Rechts- und Beratungsfirmen; und<\/li><li>Bildungseinrichtungen und Handelsverb\u00e4nde.<\/li><\/ul><p>Wir werden Link-Anfragen von diesen Organisationen genehmigen, wenn wir zu dem Beschluss kommen dass: (a) der Link uns oder die von uns akkreditierten Unternehmen nicht in ein schlechtes Licht r\u00fccken w\u00fcrde; (b) die Organisation keine negativen Eintr\u00e4ge bei uns hat; (c) der Nutzen, den wir aus der Sichtbarkeit des Hyperlinks ziehen, die Abwesenheit von Admetec ausgleicht; und (d) der Link im Zusammenhang mit allgemeinen Ressourceninformationen steht.<\/p><p>Diese Organisationen k\u00f6nnen auf unsere Homepage verlinken, solange der Link: (a) nicht in irgendeiner Weise irref\u00fchrend ist; (b) nicht f\u00e4lschlicherweise eine Unterst\u00fctzung, Bef\u00fcrwortung oder Billigung der verweisenden Partei und ihrer Produkte oder Dienstleistungen impliziert; und (c) in den Kontext der Website der verweisenden Partei passt.<\/p><p>Wenn Sie eine der in Absatz 2 genannten Organisationen sind und an einem Link zu unserer Website interessiert sind, m\u00fcssen Sie uns dar\u00fcber informieren, indem Sie eine E-Mail an Admetec schicken. Bitte geben Sie Ihren Namen, den Namen Ihrer Organisation, Kontaktinformationen sowie die URL Ihrer Website, eine Liste aller URLs, von denen Sie einen Link zu unserer Website beabsichtigen, und eine Liste der URLs auf unserer Website, zu denen Sie einen Link setzen m\u00f6chten, an. Warten Sie 2-3 Wochen auf eine Antwort.<\/p><p>Zugelassene Organisationen k\u00f6nnen wie folgt einen Hyperlink zu unserer Website einrichten:<\/p><ul><li>Durch Verwendung unseres Firmennamens; oder<\/li><li>unter Verwendung des einheitlichen Ressourcen-Lokalisierers, der verlinkt ist; oder<\/li><li>Durch die Verwendung einer anderen Beschreibung unserer Website, auf die verlinkt wird, die im Kontext und im Format des Inhalts auf der Website der verlinkenden Partei sinnvoll ist.<\/li><\/ul><p>Die Verwendung des Admetec-Logos oder anderer Grafiken f\u00fcr die Verlinkung ist ohne eine Markenlizenzvereinbarung nicht gestattet.<\/p><h4>iFrames<\/h4><p>Ohne vorherige Genehmigung und schriftliche Erlaubnis d\u00fcrfen Sie keine Frames um unsere Webseiten erstellen, die die visuelle Pr\u00e4sentation oder das Erscheinungsbild unserer Website in irgendeiner Weise ver\u00e4ndern.<\/p><p>Haftung f\u00fcr den Inhalt<\/p><p>Wir \u00fcbernehmen keine Verantwortung f\u00fcr Inhalte, die auf Ihrer Website erscheinen. Sie stimmen zu, uns gegen alle Anspr\u00fcche, die auf Ihrer Website entstehen, zu sch\u00fctzen und schadlos zu hallten. Es d\u00fcrfen keine Links auf einer Website erscheinen, die als verleumderisch, obsz\u00f6n oder kriminell interpretiert werden k\u00f6nnen oder die Rechte Dritter verletzen, auf andere Weise verletzen oder die Verletzung oder sonstige Verletzung von Rechten Dritter bef\u00fcrworten.<\/p><h4>Vorbehalt von Rechten<\/h4><p>Wir behalten uns das Recht vor, Sie aufzufordern, alle Links oder einen bestimmten Link zu unserer Website zu entfernen. Sie erkl\u00e4ren sich damit einverstanden, auf Anfrage sofort alle Links zu unserer Website zu entfernen. Wir behalten uns au\u00dferdem das Recht vor, diese Allgemeine Gesch\u00e4ftsbedingungen und ihre Verlinkungsrichtlinien jederzeit zu \u00e4ndern. Durch die kontinuierliche Verlinkung zu unserer Website erkl\u00e4ren Sie sich damit einverstanden, an diese Verlinkungsrichtlinien gebunden zu sein und sie zu befolgen.<\/p><p>Entfernung von Links von unserer Website<\/p><p>Wenn Sie auf unserer Website einen Link finden, der aus irgendeinem Grund anst\u00f6\u00dfig ist, k\u00f6nnen Sie uns jederzeit kontaktieren und informieren. Wir werden Anfragen zur Entfernung von Links pr\u00fcfen, sind jedoch nicht verpflichtet, Ihnen direkt zu antworten.<\/p><p>Wir stellen nicht sicher, dass die Informationen auf dieser Website korrekt sind, wir garantieren nicht ihre Vollst\u00e4ndigkeit oder Genauigkeit; noch versprechen wir sicherzustellen, dass die Website verf\u00fcgbar bleibt oder dass das Material auf der Website auf dem neuesten Stand gehalten wird.<\/p><p>Haftungsausschluss<\/p><p>Im gr\u00f6\u00dftm\u00f6glichen Umfang, der nach geltendem Recht zul\u00e4ssig ist, schlie\u00dfen wir alle Zusicherungen, Gew\u00e4hrleistungen und Bedingungen in Bezug auf unsere Website und die Nutzung dieser Website aus. Nichts in diesem Haftungsausschluss wird:<\/p><ul><li>unsere oder Ihre Haftung f\u00fcr Tod oder K\u00f6rperverletzung einschr\u00e4nken oder ausschlie\u00dfen;<\/li><li>unsere oder Ihre Haftung f\u00fcr Betrug oder betr\u00fcgerische Falschdarstellung einschr\u00e4nken oder ausschlie\u00dfen;<\/li><li>unsere oder Ihre Haftung in irgendeiner Weise einschr\u00e4nken oder ausschlie\u00dfen, die nach geltendem Recht nicht zul\u00e4ssig ist; oder<\/li><li>jegliche unserer oder Ihrer Verpflichtungen ausschlie\u00dfen, die nach geltendem Recht nicht ausgeschlossen werden k\u00f6nnen.<\/li><\/ul><p>Die in diesem Abschnitt und an anderer Stelle in diesem Haftungsausschluss festgelegten Haftungsbeschr\u00e4nkungen und -verbote: (a) unterliegen dem vorstehenden Absatz; und (b) regeln alle Haftungen, die sich aus dem Haftungsausschluss ergeben, einschlie\u00dflich der Haftung aus Vertrag, unerlaubter Handlung und wegen Verletzung der gesetzlichen Pflichten.<\/p><p>Solange die Website und die Informationen und Dienste auf der Website kostenlos zur Verf\u00fcgung gestellt werden, haften wir nicht f\u00fcr Verluste oder Sch\u00e4den irgendwelcher Art.<\/p>\t\t\t\t\t\t\t\t<\/div>\n\t\t\t\t<\/div>\n\t\t\t\t\t<\/div>\n\t\t\t\t<\/div>\n\t\t\t\t<\/div>\n\t\t","protected":false},"excerpt":{"rendered":"<p>Allgemeine Gesch\u00e4ftsbedingungen Willkommen bei Admetec! Diese Allgemeinen Gesch\u00e4ftsbedingungen beschreiben die Regeln und Vorschriften f\u00fcr die Nutzung der Website von Admetec, die Sie unter www.admetec.com finden. Mit dem Zugriff auf diese Website gehen wir davon aus, dass Sie diese Allgemeine Gesch\u00e4ftsbedingungen akzeptieren. Fahren Sie nicht mit der Nutzung von Admetec fort, wenn Sie nicht mit allen [&hellip;]<\/p>\n","protected":false},"author":3,"featured_media":0,"parent":0,"menu_order":0,"comment_status":"closed","ping_status":"closed","template":"","meta":{"_acf_changed":false,"content-type":"","footnotes":""},"class_list":["post-6204","page","type-page","status-publish","hentry"],"acf":[],"yoast_head":"<!-- This site is optimized with the Yoast SEO plugin v27.1.1 - https:\/\/yoast.com\/product\/yoast-seo-wordpress\/ -->\n<title>Allgemeine Gesch\u00e4ftsbedingungen - ADMETEC -DE<\/title>\n<meta name=\"robots\" content=\"index, follow, max-snippet:-1, max-image-preview:large, max-video-preview:-1\" \/>\n<link rel=\"canonical\" href=\"https:\/\/admetec.com\/de\/terms-and-conditions\/\" \/>\n<meta property=\"og:locale\" content=\"en_US\" \/>\n<meta property=\"og:type\" content=\"article\" \/>\n<meta property=\"og:title\" content=\"Allgemeine Gesch\u00e4ftsbedingungen - ADMETEC -DE\" \/>\n<meta property=\"og:description\" content=\"Allgemeine Gesch\u00e4ftsbedingungen Willkommen bei Admetec! Diese Allgemeinen Gesch\u00e4ftsbedingungen beschreiben die Regeln und Vorschriften f\u00fcr die Nutzung der Website von Admetec, die Sie unter www.admetec.com finden. Mit dem Zugriff auf diese Website gehen wir davon aus, dass Sie diese Allgemeine Gesch\u00e4ftsbedingungen akzeptieren. Fahren Sie nicht mit der Nutzung von Admetec fort, wenn Sie nicht mit allen [&hellip;]\" \/>\n<meta property=\"og:url\" content=\"https:\/\/admetec.com\/de\/terms-and-conditions\/\" \/>\n<meta property=\"og:site_name\" content=\"ADMETEC -DE\" \/>\n<meta property=\"article:publisher\" content=\"https:\/\/www.facebook.com\/admetec\" \/>\n<meta property=\"article:modified_time\" content=\"2025-05-29T11:34:55+00:00\" \/>\n<meta name=\"twitter:card\" content=\"summary_large_image\" \/>\n<meta name=\"twitter:site\" content=\"@admetec\" \/>\n<meta name=\"twitter:label1\" content=\"Est. reading time\" \/>\n\t<meta name=\"twitter:data1\" content=\"7 minutes\" \/>\n<script type=\"application\/ld+json\" class=\"yoast-schema-graph\">{\"@context\":\"https:\/\/schema.org\",\"@graph\":[{\"@type\":\"WebPage\",\"@id\":\"https:\/\/admetec.com\/de\/terms-and-conditions\/\",\"url\":\"https:\/\/admetec.com\/de\/terms-and-conditions\/\",\"name\":\"Allgemeine Gesch\u00e4ftsbedingungen - ADMETEC -DE\",\"isPartOf\":{\"@id\":\"https:\/\/admetec.com\/de\/#website\"},\"datePublished\":\"2024-01-16T12:54:18+00:00\",\"dateModified\":\"2025-05-29T11:34:55+00:00\",\"breadcrumb\":{\"@id\":\"https:\/\/admetec.com\/de\/terms-and-conditions\/#breadcrumb\"},\"inLanguage\":\"en-US\",\"potentialAction\":[{\"@type\":\"ReadAction\",\"target\":[\"https:\/\/admetec.com\/de\/terms-and-conditions\/\"]}]},{\"@type\":\"BreadcrumbList\",\"@id\":\"https:\/\/admetec.com\/de\/terms-and-conditions\/#breadcrumb\",\"itemListElement\":[{\"@type\":\"ListItem\",\"position\":1,\"name\":\"Home\",\"item\":\"https:\/\/admetec.com\/de\/\"},{\"@type\":\"ListItem\",\"position\":2,\"name\":\"Allgemeine Gesch\u00e4ftsbedingungen\"}]},{\"@type\":\"WebSite\",\"@id\":\"https:\/\/admetec.com\/de\/#website\",\"url\":\"https:\/\/admetec.com\/de\/\",\"name\":\"ADMETEC\",\"description\":\"We&#039;ve got your back\",\"publisher\":{\"@id\":\"https:\/\/admetec.com\/de\/#organization\"},\"potentialAction\":[{\"@type\":\"SearchAction\",\"target\":{\"@type\":\"EntryPoint\",\"urlTemplate\":\"https:\/\/admetec.com\/de\/?s={search_term_string}\"},\"query-input\":{\"@type\":\"PropertyValueSpecification\",\"valueRequired\":true,\"valueName\":\"search_term_string\"}}],\"inLanguage\":\"en-US\"},{\"@type\":\"Organization\",\"@id\":\"https:\/\/admetec.com\/de\/#organization\",\"name\":\"ADMETEC\",\"url\":\"https:\/\/admetec.com\/de\/\",\"logo\":{\"@type\":\"ImageObject\",\"inLanguage\":\"en-US\",\"@id\":\"https:\/\/admetec.com\/de\/#\/schema\/logo\/image\/\",\"url\":\"https:\/\/admetec.com\/de\/wp-content\/uploads\/2023\/05\/Group-2@2x.png\",\"contentUrl\":\"https:\/\/admetec.com\/de\/wp-content\/uploads\/2023\/05\/Group-2@2x.png\",\"width\":397,\"height\":100,\"caption\":\"ADMETEC\"},\"image\":{\"@id\":\"https:\/\/admetec.com\/de\/#\/schema\/logo\/image\/\"},\"sameAs\":[\"https:\/\/www.facebook.com\/admetec\",\"https:\/\/x.com\/admetec\"]}]}<\/script>\n<!-- \/ Yoast SEO plugin. -->","yoast_head_json":{"title":"Allgemeine Gesch\u00e4ftsbedingungen - ADMETEC -DE","robots":{"index":"index","follow":"follow","max-snippet":"max-snippet:-1","max-image-preview":"max-image-preview:large","max-video-preview":"max-video-preview:-1"},"canonical":"https:\/\/admetec.com\/de\/terms-and-conditions\/","og_locale":"en_US","og_type":"article","og_title":"Allgemeine Gesch\u00e4ftsbedingungen - ADMETEC -DE","og_description":"Allgemeine Gesch\u00e4ftsbedingungen Willkommen bei Admetec! Diese Allgemeinen Gesch\u00e4ftsbedingungen beschreiben die Regeln und Vorschriften f\u00fcr die Nutzung der Website von Admetec, die Sie unter www.admetec.com finden. Mit dem Zugriff auf diese Website gehen wir davon aus, dass Sie diese Allgemeine Gesch\u00e4ftsbedingungen akzeptieren. Fahren Sie nicht mit der Nutzung von Admetec fort, wenn Sie nicht mit allen [&hellip;]","og_url":"https:\/\/admetec.com\/de\/terms-and-conditions\/","og_site_name":"ADMETEC -DE","article_publisher":"https:\/\/www.facebook.com\/admetec","article_modified_time":"2025-05-29T11:34:55+00:00","twitter_card":"summary_large_image","twitter_site":"@admetec","twitter_misc":{"Est. reading time":"7 minutes"},"schema":{"@context":"https:\/\/schema.org","@graph":[{"@type":"WebPage","@id":"https:\/\/admetec.com\/de\/terms-and-conditions\/","url":"https:\/\/admetec.com\/de\/terms-and-conditions\/","name":"Allgemeine Gesch\u00e4ftsbedingungen - ADMETEC -DE","isPartOf":{"@id":"https:\/\/admetec.com\/de\/#website"},"datePublished":"2024-01-16T12:54:18+00:00","dateModified":"2025-05-29T11:34:55+00:00","breadcrumb":{"@id":"https:\/\/admetec.com\/de\/terms-and-conditions\/#breadcrumb"},"inLanguage":"en-US","potentialAction":[{"@type":"ReadAction","target":["https:\/\/admetec.com\/de\/terms-and-conditions\/"]}]},{"@type":"BreadcrumbList","@id":"https:\/\/admetec.com\/de\/terms-and-conditions\/#breadcrumb","itemListElement":[{"@type":"ListItem","position":1,"name":"Home","item":"https:\/\/admetec.com\/de\/"},{"@type":"ListItem","position":2,"name":"Allgemeine Gesch\u00e4ftsbedingungen"}]},{"@type":"WebSite","@id":"https:\/\/admetec.com\/de\/#website","url":"https:\/\/admetec.com\/de\/","name":"ADMETEC","description":"We&#039;ve got your back","publisher":{"@id":"https:\/\/admetec.com\/de\/#organization"},"potentialAction":[{"@type":"SearchAction","target":{"@type":"EntryPoint","urlTemplate":"https:\/\/admetec.com\/de\/?s={search_term_string}"},"query-input":{"@type":"PropertyValueSpecification","valueRequired":true,"valueName":"search_term_string"}}],"inLanguage":"en-US"},{"@type":"Organization","@id":"https:\/\/admetec.com\/de\/#organization","name":"ADMETEC","url":"https:\/\/admetec.com\/de\/","logo":{"@type":"ImageObject","inLanguage":"en-US","@id":"https:\/\/admetec.com\/de\/#\/schema\/logo\/image\/","url":"https:\/\/admetec.com\/de\/wp-content\/uploads\/2023\/05\/Group-2@2x.png","contentUrl":"https:\/\/admetec.com\/de\/wp-content\/uploads\/2023\/05\/Group-2@2x.png","width":397,"height":100,"caption":"ADMETEC"},"image":{"@id":"https:\/\/admetec.com\/de\/#\/schema\/logo\/image\/"},"sameAs":["https:\/\/www.facebook.com\/admetec","https:\/\/x.com\/admetec"]}]}},"_links":{"self":[{"href":"https:\/\/admetec.com\/de\/wp-json\/wp\/v2\/pages\/6204","targetHints":{"allow":["GET"]}}],"collection":[{"href":"https:\/\/admetec.com\/de\/wp-json\/wp\/v2\/pages"}],"about":[{"href":"https:\/\/admetec.com\/de\/wp-json\/wp\/v2\/types\/page"}],"author":[{"embeddable":true,"href":"https:\/\/admetec.com\/de\/wp-json\/wp\/v2\/users\/3"}],"replies":[{"embeddable":true,"href":"https:\/\/admetec.com\/de\/wp-json\/wp\/v2\/comments?post=6204"}],"version-history":[{"count":15,"href":"https:\/\/admetec.com\/de\/wp-json\/wp\/v2\/pages\/6204\/revisions"}],"predecessor-version":[{"id":9818,"href":"https:\/\/admetec.com\/de\/wp-json\/wp\/v2\/pages\/6204\/revisions\/9818"}],"wp:attachment":[{"href":"https:\/\/admetec.com\/de\/wp-json\/wp\/v2\/media?parent=6204"}],"curies":[{"name":"wp","href":"https:\/\/api.w.org\/{rel}","templated":true}]}}